{"id":3848,"date":"2024-11-11T05:23:08","date_gmt":"2024-11-11T05:23:08","guid":{"rendered":"https:\/\/sukun.wpocean.site\/?page_id=57"},"modified":"2025-09-30T10:14:37","modified_gmt":"2025-09-30T08:14:37","slug":"wedding-home-style-2","status":"publish","type":"page","link":"https:\/\/zamkowelove.com\/","title":{"rendered":"Wedding Home Style 2"},"content":{"rendered":"\t\t<div data-elementor-type=\"wp-page\" data-elementor-id=\"3848\" class=\"elementor elementor-3848\" data-elementor-post-type=\"page\">\n\t\t\t\t<div class=\"elementor-element elementor-element-62acc6d e-con-full e-flex e-con e-parent\" data-id=\"62acc6d\" data-element_type=\"container\">\n\t\t\t\t<div class=\"elementor-element elementor-element-d0583dc elementor-widget elementor-widget-wpo-sukun_hero_hero\" data-id=\"d0583dc\" data-element_type=\"widget\" data-settings=\"{&quot;shape_image&quot;:{&quot;url&quot;:&quot;http:\\\/\\\/wpocean.site\\\/wp-content\\\/uploads\\\/sites\\\/19\\\/2024\\\/11\\\/left-shape-1.png&quot;,&quot;id&quot;:105,&quot;size&quot;:&quot;&quot;,&quot;alt&quot;:&quot;left shape&quot;,&quot;source&quot;:&quot;library&quot;},&quot;shape_image2&quot;:{&quot;url&quot;:&quot;http:\\\/\\\/wpocean.site\\\/wp-content\\\/uploads\\\/sites\\\/19\\\/2024\\\/11\\\/right-shape.png&quot;,&quot;id&quot;:107,&quot;size&quot;:&quot;&quot;,&quot;alt&quot;:&quot;right shape&quot;,&quot;source&quot;:&quot;library&quot;}}\" data-widget_type=\"wpo-sukun_hero_hero.default\">\n\t\t\t\t<div class=\"elementor-widget-container\">\n\t\t\t\t\t\n\t\t\t\t\t<div class=\"sukun-hero static-hero-s2\">\n\t\t\t\t<div class=\"static-main-box\">\n\t\t\t\t\t<div class=\"container-fluid\">\n\t\t\t\t\t\t<div class=\"static-inner-box\">\n\t\t\t\t\t\t\t<div class=\"row align-items-center\">\n\t\t\t\t\t\t\t\t<div class=\"col col-xl-3 col-sm-6 col-lg-3 col-12 order-lg-1 order-1\">\n\t\t\t\t\t\t\t\t\t<div class=\"static-hero-img wow fadeInLeftSlow\" data-wow-duration=\"1500ms\">\n\t\t\t\t\t\t\t\t\t\t <img decoding=\"async\" class=\"wow fadeInLeftSlow\" data-wow-duration=\"1500ms\" src=\"http:\/\/zamkowelove.com\/wp-content\/uploads\/2025\/06\/kornik-zamek-dron-2.jpg\" alt=\"\">\t\t\t\t\t\t\t\t\t<\/div>\n\t\t\t\t\t\t\t\t<\/div>\n\t\t\t\t\t\t\t\t<div class=\"col col-xl-6 col-lg-6 col-md-8 col-12 order-lg-2 order-3\">\n\t\t\t\t\t\t\t\t\t<div class=\"wpo-static-hero-text-wrap\">\n\t\t\t\t\t\t\t\t\t\t<div class=\"wpo-static-hero-text-box\">\n\t\t\t\t\t\t\t\t\t\t\t<div class=\"slide-title\">\n\t\t\t\t\t\t\t\t\t\t\t\t <h2 class=\"poort-text poort-in-up\">Natalia &amp; Micha\u0142<\/h2>\t\t\t\t\t\t\t\t\t\t\t<\/div>\n\t\t\t\t\t\t\t\t\t\t\t<div class=\"slide-text wow fadeInUp\" data-wow-duration=\"1600ms\">\n\t\t\t\t\t\t\t\t\t\t\t\t<p>Ceremonia \u015blubu odby\u0142a si\u0119<\/p>\t\t\t\t\t\t\t\t\t\t\t<\/div>\n\t\t\t\t\t\t\t\t\t\t\t<div class=\"slide-date wow fadeInUp\" data-wow-duration=\"1700ms\">\n\t\t\t\t\t\t\t\t\t\t\t\t<p>02 . 08 . 2025<\/p>\t\t\t\t\t\t\t\t\t\t\t<\/div>\n\t\t\t\t\t\t\t\t\t\t\t<div class=\"clearfix\"><\/div>\n\t\t\t\t\t\t\t\t\t\t<\/div>\n\t\t\t\t\t\t\t\t\t\t<div class=\"shape wow fadeInLeftSlow\" data-wow-duration=\"2500ms\">\n\t\t\t\t\t\t\t\t\t\t\t<img decoding=\"async\" src=\"https:\/\/zamkowelove.com\/wp-content\/uploads\/2024\/11\/left-shape-1.png\" alt=\"left shape\">\t\t\t\t\t\t\t\t\t\t<\/div>\n\t\t\t\t\t\t\t\t\t\t<div class=\"shape2 wow fadeInRightSlow\" data-wow-duration=\"2500ms\">\n\t\t\t\t\t\t\t\t\t\t\t<img decoding=\"async\" src=\"https:\/\/zamkowelove.com\/wp-content\/uploads\/2024\/11\/right-shape.png\" alt=\"right shape\">\t\t\t\t\t\t\t\t\t\t<\/div>\n\t\t\t\t\t\t\t\t\t<\/div>\n\t\t\t\t\t\t\t\t<\/div>\n\t\t\t\t\t\t\t\t<div class=\"col col-xl-3 col-lg-3 col-sm-6 col-12 order-lg-3 order-2\">\n\t\t\t\t\t\t\t\t\t<div class=\"static-hero-img wow fadeInRightSlow\" data-wow-duration=\"1500ms\">\n\t\t\t\t\t\t\t\t\t\t <img decoding=\"async\" class=\"wow fadeInLeftSlow\" data-wow-duration=\"1500ms\" src=\"http:\/\/zamkowelove.com\/wp-content\/uploads\/2025\/06\/zamek_w_korniku_203.jpg\" alt=\"\">\t\t\t\t\t\t\t\t\t<\/div>\n\t\t\t\t\t\t\t\t<\/div>\n\t\t\t\t\t\t\t<\/div>\n\t\t\t\t\t\t<\/div>\n\t\t\t\t\t<\/div>\n\t\t\t\t<\/div>\n\t\t\t<\/div>\n\t\t\n\t\t\t\t<\/div>\n\t\t\t\t<\/div>\n\t\t\t\t<\/div>\n\t\t<div class=\"elementor-element elementor-element-5a9bc35 e-con-full e-flex e-con e-parent\" data-id=\"5a9bc35\" data-element_type=\"container\">\n\t\t\t\t<div class=\"elementor-element elementor-element-68815cc elementor-widget elementor-widget-wpo-sukun_coundown\" data-id=\"68815cc\" data-element_type=\"widget\" data-widget_type=\"wpo-sukun_coundown.default\">\n\t\t\t\t<div class=\"elementor-widget-container\">\n\t\t\t\t\t\t\t<div class=\"sukun-wedding-date wpo-wedding-date\">\n\t\t\t<h2 class=\"d-none\">hidden<\/h2>\n\t\t\t<div class=\"container\">\n\t\t\t\t<div class=\"wedding-date-wrap wow fadeInUp\" data-wow-duration=\"1600ms\">\n\t\t\t\t\t<div class=\"clock-grids\">\n\t\t\t\t\t\t<div id=\"clock\" data-date=\"2025-08-02 05:00\"><\/div>\n\t\t\t\t\t<\/div>\n\t\t\t\t<\/div>\n\t\t\t<\/div> <!-- end container -->\n\t\t<\/div>\n\t\t<script>\n\t\t\tjQuery(document).ready(function() {\n\t\t\t\t\/*------------------------------------------\n            = COUNTDOWN CLOCK\n        -------------------------------------------*\/\n\t\t\t\tif (jQuery(\"#clock\").length) {\n\t\t\t\t\tvar weddingDate = jQuery('#clock').data('date');\n\t\t\t\t\tjQuery('#clock').countdown(weddingDate, function(event) {\n\t\t\t\t\t\tvar $this = jQuery(this).html(event.strftime('' +\n\t\t\t\t\t\t\t'<div class=\"box\"><div><div class=\"time\">%D<\/div> <span>Dni<\/span><\/div><\/div>' +\n\t\t\t\t\t\t\t'<div class=\"box\"><div><div class=\"time\">%H<\/div> <span>Godziny<\/span><\/div><\/div>' +\n\t\t\t\t\t\t\t'<div class=\"box\"><div><div class=\"time\">%M<\/div> <span>Minuty<\/span> <\/div><\/div>' +\n\t\t\t\t\t\t\t'<div class=\"box\"><div><div class=\"time\">%S<\/div> <span>Sekundy<\/span> <\/div><\/div>'));\n\t\t\t\t\t});\n\t\t\t\t}\n\n\t\t\t});\n\t\t<\/script>\n\t\t\t\t<\/div>\n\t\t\t\t<\/div>\n\t\t\t\t<\/div>\n\t\t<div class=\"elementor-element elementor-element-54cda0e e-con-full e-flex e-con e-parent\" data-id=\"54cda0e\" data-element_type=\"container\">\n\t\t\t\t<div class=\"elementor-element elementor-element-a0a685a elementor-widget elementor-widget-wpo-sukun_couple_hero\" data-id=\"a0a685a\" data-element_type=\"widget\" data-settings=\"{&quot;bride_image&quot;:{&quot;url&quot;:&quot;http:\\\/\\\/zamkowelove.com\\\/wp-content\\\/uploads\\\/2025\\\/06\\\/IMG_8433eddit-e1749594841553.jpg&quot;,&quot;id&quot;:3953,&quot;size&quot;:&quot;&quot;,&quot;alt&quot;:&quot;&quot;,&quot;source&quot;:&quot;library&quot;},&quot;groom_image&quot;:{&quot;url&quot;:&quot;http:\\\/\\\/zamkowelove.com\\\/wp-content\\\/uploads\\\/2025\\\/06\\\/IMG_4232-scaled-e1749594983938.jpg&quot;,&quot;id&quot;:3948,&quot;size&quot;:&quot;&quot;,&quot;alt&quot;:&quot;&quot;,&quot;source&quot;:&quot;library&quot;},&quot;cuple_shape1&quot;:{&quot;url&quot;:&quot;http:\\\/\\\/wpocean.site\\\/wp-content\\\/uploads\\\/sites\\\/19\\\/2024\\\/12\\\/heart-shape.png&quot;,&quot;id&quot;:1054,&quot;size&quot;:&quot;&quot;,&quot;alt&quot;:&quot;heart-shape&quot;,&quot;source&quot;:&quot;library&quot;},&quot;bride_icon&quot;:{&quot;url&quot;:&quot;http:\\\/\\\/wpocean.site\\\/wp-content\\\/uploads\\\/sites\\\/19\\\/2024\\\/12\\\/bride2.svg&quot;,&quot;id&quot;:151,&quot;size&quot;:&quot;&quot;,&quot;alt&quot;:&quot;bride2&quot;,&quot;source&quot;:&quot;library&quot;},&quot;groom_icon&quot;:{&quot;url&quot;:&quot;http:\\\/\\\/wpocean.site\\\/wp-content\\\/uploads\\\/sites\\\/19\\\/2024\\\/12\\\/groom2.svg&quot;,&quot;id&quot;:150,&quot;size&quot;:&quot;&quot;,&quot;alt&quot;:&quot;groom2&quot;,&quot;source&quot;:&quot;library&quot;}}\" data-widget_type=\"wpo-sukun_couple_hero.default\">\n\t\t\t\t<div class=\"elementor-widget-container\">\n\t\t\t\t\t\n\n\t\t\t\t\t<div class=\"sukun-couple wpo-couple-section-s2\">\n\t\t\t\t<div class=\"container-fluid\">\n\t\t\t\t\t<div class=\"couple-area clearfix\">\n\t\t\t\t\t\t<div class=\"couple-wrap\">\n\t\t\t\t\t\t\t<div class=\"row gx-5\">\n\t\t\t\t\t\t\t\t<div class=\"col col-lg-5 col-12\">\n\t\t\t\t\t\t\t\t\t<div class=\"couple-item\">\n\t\t\t\t\t\t\t\t\t\t<div class=\"couple-img\">\n\t\t\t\t\t\t\t\t\t\t\t<img decoding=\"async\" src=\"https:\/\/zamkowelove.com\/wp-content\/uploads\/2025\/06\/IMG_8433eddit-e1749594841553.jpg\" alt=\"\">\t\t\t\t\t\t\t\t\t\t<\/div>\n\t\t\t\t\t\t\t\t\t\t<div class=\"couple-text\">\n\t\t\t\t\t\t\t\t\t\t\t<div class=\"couple-text-inner\">\n\t\t\t\t\t\t\t\t\t\t\t\t\t\t\t\t\t\t\t\t\t\t\t\t\t<i>\n\t\t\t\t\t\t\t\t\t\t\t\t\t\t<img decoding=\"async\" src=\"https:\/\/zamkowelove.com\/wp-content\/uploads\/2024\/12\/bride2.svg\" alt=\"bride2\">\n\t\t\t\t\t\t\t\t\t\t\t\t\t<\/i>\n\t\t\t\t\t\t\t\t\t\t\t\t\t\t\t\t\t\t\t\t\t\t\t\t<h3>Natalia Pyrzy\u0144ska<\/h3><p>Twardo st\u0105paj\u0105ca po ziemi marzycielka \u2728\nOrganizatorka ca\u0142ej \u015blubnej magii i mistrzyni planu. Kocha krymina\u0142y, jazd\u0119 konn\u0105, rowerowe wyprawy i Netflixa (najlepiej wszystko naraz!). Zawsze wie, co, gdzie i kiedy \u2014 i jeszcze zd\u0105\u017cy obejrze\u0107 serial! \ud83d\ude09<\/p>\t\t\t\t\t\t\t\t\t\t\t\t<div class=\"social\">\n\t\t\t\t\t\t\t\t\t\t\t\t\t<ul>\n\t\t\t\t\t\t\t\t\t\t\t\t\t\t\t\t\t\t\t\t\t\t\t\t\t\t\t\t\t\t<li>\n\t\t\t\t\t\t\t\t\t\t\t\t\t\t\t\t\t<a href=\"https:\/\/www.facebook.com\/natalia.h.pyrzynska\">\n\t\t\t\t\t\t\t\t\t\t\t\t\t\t\t\t\t\t<i class=\"fab fa-facebook\"><\/i>\t\t\t\t\t\t\t\t\t\t\t\t\t\t\t\t\t<\/a>\n\t\t\t\t\t\t\t\t\t\t\t\t\t\t\t\t<\/li>\n\t\t\t\t\t\t\t\t\t\t\t\t\t\t\t\t\t\t\t\t\t\t\t\t\t\t\t<\/ul>\n\t\t\t\t\t\t\t\t\t\t\t\t<\/div>\n\t\t\t\t\t\t\t\t\t\t\t<\/div>\n\t\t\t\t\t\t\t\t\t\t<\/div>\n\t\t\t\t\t\t\t\t\t<\/div>\n\t\t\t\t\t\t\t\t<\/div>\n\t\t\t\t\t\t\t\t<div class=\"col-lg-2\">\n\t\t\t\t\t\t\t\t\t<div class=\"love-shape\">\n\t\t\t\t\t\t\t\t\t\t<img decoding=\"async\" src=\"https:\/\/zamkowelove.com\/wp-content\/uploads\/2024\/12\/heart-shape.png\" alt=\"heart-shape\">\t\t\t\t\t\t\t\t\t<\/div>\n\t\t\t\t\t\t\t\t<\/div>\n\t\t\t\t\t\t\t\t<div class=\"col col-lg-5 col-12\">\n\t\t\t\t\t\t\t\t\t<div class=\"couple-item\">\n\t\t\t\t\t\t\t\t\t\t<div class=\"couple-img\">\n\t\t\t\t\t\t\t\t\t\t\t<img decoding=\"async\" src=\"https:\/\/zamkowelove.com\/wp-content\/uploads\/2025\/06\/IMG_4232-scaled-e1749594983938.jpg\" alt=\"\">\t\t\t\t\t\t\t\t\t\t<\/div>\n\t\t\t\t\t\t\t\t\t\t<div class=\"couple-text\">\n\t\t\t\t\t\t\t\t\t\t\t<div class=\"couple-text-inner\">\n\t\t\t\t\t\t\t\t\t\t\t\t\t\t\t\t\t\t\t\t\t\t\t\t\t<i>\n\t\t\t\t\t\t\t\t\t\t\t\t\t\t<img decoding=\"async\" src=\"https:\/\/zamkowelove.com\/wp-content\/uploads\/2024\/12\/groom2.svg\" alt=\"groom2\">\n\t\t\t\t\t\t\t\t\t\t\t\t\t<\/i>\n\t\t\t\t\t\t\t\t\t\t\t\t\n\t\t\t\t\t\t\t\t\t\t\t\t<h3>Micha\u0142 Szkudlarek<\/h3><p>Romantyk, kt\u00f3ry powiedzia\u0142 \u201ctak\u201d zanim zd\u0105\u017cy\u0142a zapyta\u0107 \ud83d\ude04\nZ g\u0142ow\u0105 w chmurach, sercem przy niej. Fan roweru, gier, podr\u00f3\u017cy i dobrych seriali. Ma dar do zgubienia si\u0119 w trasie... ale zawsze trafia prosto do niej \ud83d\udc98<\/p>\t\t\t\t\t\t\t\t\t\t\t\t<div class=\"social\">\n\t\t\t\t\t\t\t\t\t\t\t\t\t<ul>\n\t\t\t\t\t\t\t\t\t\t\t\t\t\t\t\t\t\t\t\t\t\t\t\t\t\t\t\t\t\t<li>\n\t\t\t\t\t\t\t\t\t\t\t\t\t\t\t\t\t<a href=\"https:\/\/www.facebook.com\/szkudlar96\/\">\n\t\t\t\t\t\t\t\t\t\t\t\t\t\t\t\t\t\t<i class=\"fab fa-facebook\"><\/i>\t\t\t\t\t\t\t\t\t\t\t\t\t\t\t\t\t<\/a>\n\t\t\t\t\t\t\t\t\t\t\t\t\t\t\t\t<\/li>\n\t\t\t\t\t\t\t\t\t\t\t\t\t\t\t\t\t\t\t\t\t\t\t\t\t\t\t<\/ul>\n\t\t\t\t\t\t\t\t\t\t\t\t<\/div>\n\t\t\t\t\t\t\t\t\t\t\t<\/div>\n\t\t\t\t\t\t\t\t\t\t<\/div>\n\t\t\t\t\t\t\t\t\t<\/div>\n\t\t\t\t\t\t\t\t<\/div>\n\t\t\t\t\t\t\t<\/div>\n\t\t\t\t\t\t<\/div>\n\t\t\t\t\t<\/div>\n\t\t\t\t<\/div> <!-- end container -->\n\t\t\t\t<div class=\"bottom-text marquee\">\n\t\t\t\t\t<h2>&quot;To takie wspania\u0142e, gdy znajduje si\u0119 jedn\u0105 wyj\u0105tkow\u0105 osob\u0119, kt\u00f3r\u0105 chcesz denerwowa\u0107 przez reszt\u0119 swojego \u017cycia.&quot;<\/h2>\t\t\t\t<\/div>\n\t\t\t<\/div>\n\t\t\t\t\t\t<\/div>\n\t\t\t\t<\/div>\n\t\t\t\t<\/div>\n\t\t<div class=\"elementor-element elementor-element-57b65d4 e-con-full e-flex e-con e-parent\" data-id=\"57b65d4\" data-element_type=\"container\">\n\t\t\t\t<div class=\"elementor-element elementor-element-3c083f6 elementor-widget elementor-widget-wpo-sukun_story\" data-id=\"3c083f6\" data-element_type=\"widget\" data-settings=\"{&quot;pin_image&quot;:{&quot;url&quot;:&quot;http:\\\/\\\/wpocean.site\\\/wp-content\\\/uploads\\\/sites\\\/19\\\/2024\\\/12\\\/tassel.png&quot;,&quot;id&quot;:1342,&quot;size&quot;:&quot;&quot;,&quot;alt&quot;:&quot;tassel&quot;,&quot;source&quot;:&quot;library&quot;}}\" data-widget_type=\"wpo-sukun_story.default\">\n\t\t\t\t<div class=\"elementor-widget-container\">\n\t\t\t\t\t\n\n\t\t\t\t\t<div class=\"sukun-story wpo-story-section-s2 section-padding pb-0\" id=\"story\">\n\t\t\t\t<div class=\"container\">\n\t\t\t\t\t<div class=\"wpo-section-title\">\n\t\t\t\t\t\t<h4 class=\"poort-text poort-in-right\">Nasza historia<\/h4><h2 class=\"poort-text poort-in-right\">Jak do tego dosz\u0142o<\/h2>\t\t\t\t\t<\/div>\n\t\t\t\t\t<div class=\"wpo-story-wrap\">\n\t\t\t\t\t\t\t\t\t\t\t\t\t\t<div class=\"wpo-story-item\">\n\t\t\t\t\t\t\t\t\t<div class=\"row\">\n\t\t\t\t\t\t\t\t\t\t<div class=\"col col-lg-6 col-12\">\n\t\t\t\t\t\t\t\t\t\t\t<div class=\"wpo-story-img\">\n\t\t\t\t\t\t\t\t\t\t\t\t<img decoding=\"async\" src=\"https:\/\/zamkowelove.com\/wp-content\/uploads\/2025\/06\/IMG_9656.jpg\" alt=\"\">\t\t\t\t\t\t\t\t\t\t\t<\/div>\n\t\t\t\t\t\t\t\t\t\t<\/div>\n\t\t\t\t\t\t\t\t\t\t<div class=\"col col-lg-6 col-12\">\n\t\t\t\t\t\t\t\t\t\t\t<div class=\"wpo-story-content\">\n\t\t\t\t\t\t\t\t\t\t\t\t\t\t\t\t\t\t\t\t\t\t\t\t<i>\n\t\t\t\t\t\t\t\t\t\t\t\t\t<img decoding=\"async\" src=\"https:\/\/zamkowelove.com\/wp-content\/uploads\/2024\/12\/f-shape-1.png\" alt=\"\">\t\t\t\t\t\t\t\t\t\t\t\t<\/i>\n\t\t\t\t\t\t\t\t\t\t\t\t<h2>Pierwsze spotkanie<\/h2><span class=\"date\">Stycze\u0144 2018<\/span>\t\t\t\t\t\t\t\t\t\t\t\t<i>\n\t\t\t\t\t\t\t\t\t\t\t\t\t<img decoding=\"async\" src=\"https:\/\/zamkowelove.com\/wp-content\/uploads\/2024\/12\/f-shape-2.png\" alt=\"f-shape-2\">\t\t\t\t\t\t\t\t\t\t\t\t<\/i>\n\t\t\t\t\t\t\t\t\t\t\t\t\t\t\t\t\t\t\t\t\t\t\t\t\t<div class=\"top-shape\">\n\t\t\t\t\t\t\t\t\t\t\t\t\t\t<img decoding=\"async\" src=\"https:\/\/zamkowelove.com\/wp-content\/uploads\/2024\/12\/tassel.png\" alt=\"tassel\">\t\t\t\t\t\t\t\t\t\t\t\t\t<\/div>\n\t\t\t\t\t\t\t\t\t\t\t\t\t\t\t\t\t\t\t\t\t\t\t<\/div>\n\t\t\t\t\t\t\t\t\t\t<\/div>\n\t\t\t\t\t\t\t\t\t<\/div>\n\t\t\t\t\t\t\t\t<\/div>\n\t\t\t\t\t\t\t\t\t\t\t\t\t\t<div class=\"wpo-story-item\">\n\t\t\t\t\t\t\t\t\t<div class=\"row\">\n\t\t\t\t\t\t\t\t\t\t<div class=\"col col-lg-6 col-12\">\n\t\t\t\t\t\t\t\t\t\t\t<div class=\"wpo-story-img\">\n\t\t\t\t\t\t\t\t\t\t\t\t<img decoding=\"async\" src=\"https:\/\/zamkowelove.com\/wp-content\/uploads\/2025\/06\/IMG_9657.jpg\" alt=\"\">\t\t\t\t\t\t\t\t\t\t\t<\/div>\n\t\t\t\t\t\t\t\t\t\t<\/div>\n\t\t\t\t\t\t\t\t\t\t<div class=\"col col-lg-6 col-12\">\n\t\t\t\t\t\t\t\t\t\t\t<div class=\"wpo-story-content\">\n\t\t\t\t\t\t\t\t\t\t\t\t\t\t\t\t\t\t\t\t\t\t\t\t<i>\n\t\t\t\t\t\t\t\t\t\t\t\t\t<img decoding=\"async\" src=\"https:\/\/zamkowelove.com\/wp-content\/uploads\/2024\/12\/f-shape-1.png\" alt=\"\">\t\t\t\t\t\t\t\t\t\t\t\t<\/i>\n\t\t\t\t\t\t\t\t\t\t\t\t<h2>Pierwsza randka<\/h2><span class=\"date\">24 Luty 2018<\/span>\t\t\t\t\t\t\t\t\t\t\t\t<i>\n\t\t\t\t\t\t\t\t\t\t\t\t\t<img decoding=\"async\" src=\"https:\/\/zamkowelove.com\/wp-content\/uploads\/2024\/12\/f-shape-2.png\" alt=\"f-shape-2\">\t\t\t\t\t\t\t\t\t\t\t\t<\/i>\n\t\t\t\t\t\t\t\t\t\t\t\t\t\t\t\t\t\t\t\t\t\t\t\t\t<div class=\"top-shape\">\n\t\t\t\t\t\t\t\t\t\t\t\t\t\t<img decoding=\"async\" src=\"https:\/\/zamkowelove.com\/wp-content\/uploads\/2024\/12\/tassel.png\" alt=\"tassel\">\t\t\t\t\t\t\t\t\t\t\t\t\t<\/div>\n\t\t\t\t\t\t\t\t\t\t\t\t\t\t\t\t\t\t\t\t\t\t\t<\/div>\n\t\t\t\t\t\t\t\t\t\t<\/div>\n\t\t\t\t\t\t\t\t\t<\/div>\n\t\t\t\t\t\t\t\t<\/div>\n\t\t\t\t\t\t\t\t\t\t\t\t\t\t<div class=\"wpo-story-item\">\n\t\t\t\t\t\t\t\t\t<div class=\"row\">\n\t\t\t\t\t\t\t\t\t\t<div class=\"col col-lg-6 col-12\">\n\t\t\t\t\t\t\t\t\t\t\t<div class=\"wpo-story-img\">\n\t\t\t\t\t\t\t\t\t\t\t\t<img decoding=\"async\" src=\"https:\/\/zamkowelove.com\/wp-content\/uploads\/2025\/06\/IMG_20200819_173903-scaled.jpg\" alt=\"\">\t\t\t\t\t\t\t\t\t\t\t<\/div>\n\t\t\t\t\t\t\t\t\t\t<\/div>\n\t\t\t\t\t\t\t\t\t\t<div class=\"col col-lg-6 col-12\">\n\t\t\t\t\t\t\t\t\t\t\t<div class=\"wpo-story-content\">\n\t\t\t\t\t\t\t\t\t\t\t\t\t\t\t\t\t\t\t\t\t\t\t\t<i>\n\t\t\t\t\t\t\t\t\t\t\t\t\t<img decoding=\"async\" src=\"https:\/\/zamkowelove.com\/wp-content\/uploads\/2024\/12\/f-shape-1.png\" alt=\"\">\t\t\t\t\t\t\t\t\t\t\t\t<\/i>\n\t\t\t\t\t\t\t\t\t\t\t\t<h2>Powiedzia\u0142a tak!<\/h2><span class=\"date\">1 Stycze\u0144 2020<\/span>\t\t\t\t\t\t\t\t\t\t\t\t<i>\n\t\t\t\t\t\t\t\t\t\t\t\t\t<img decoding=\"async\" src=\"https:\/\/zamkowelove.com\/wp-content\/uploads\/2024\/12\/f-shape-2.png\" alt=\"f-shape-2\">\t\t\t\t\t\t\t\t\t\t\t\t<\/i>\n\t\t\t\t\t\t\t\t\t\t\t\t\t\t\t\t\t\t\t\t\t\t\t\t\t<div class=\"top-shape\">\n\t\t\t\t\t\t\t\t\t\t\t\t\t\t<img decoding=\"async\" src=\"https:\/\/zamkowelove.com\/wp-content\/uploads\/2024\/12\/tassel.png\" alt=\"tassel\">\t\t\t\t\t\t\t\t\t\t\t\t\t<\/div>\n\t\t\t\t\t\t\t\t\t\t\t\t\t\t\t\t\t\t\t\t\t\t\t<\/div>\n\t\t\t\t\t\t\t\t\t\t<\/div>\n\t\t\t\t\t\t\t\t\t<\/div>\n\t\t\t\t\t\t\t\t<\/div>\n\t\t\t\t\t\t\t\t\t\t\t<\/div>\n\t\t\t\t<\/div> <!-- end container -->\n\t\t\t\t\t\t\t\t\t\t<div class=\"flower-shape-1\">\n\t\t\t\t\t\t\t<div class=\"flower-sticky\">\n\t\t\t\t\t\t\t\t<img decoding=\"async\" src=\"http:\/\/wpocean.site\/wp-content\/uploads\/sites\/19\/2024\/12\/shape3.png\" alt=\"\">\t\t\t\t\t\t\t<\/div>\n\t\t\t\t\t\t<\/div>\n\n\t\t\t\t\t\t\t\t\t\t<div class=\"flower-shape-2\">\n\t\t\t\t\t\t\t<div class=\"flower-sticky\">\n\t\t\t\t\t\t\t\t<img decoding=\"async\" src=\"http:\/\/wpocean.site\/wp-content\/uploads\/sites\/19\/2024\/12\/shape4.png\" alt=\"\">\t\t\t\t\t\t\t<\/div>\n\t\t\t\t\t\t<\/div>\n\n\t\t\t\t\t\t\t<\/div>\n\t\t\t\t\t\t<\/div>\n\t\t\t\t<\/div>\n\t\t\t\t<\/div>\n\t\t<div class=\"elementor-element elementor-element-667ad30 e-con-full e-flex e-con e-parent\" data-id=\"667ad30\" data-element_type=\"container\">\n\t\t\t\t<div class=\"elementor-element elementor-element-4aee02b elementor-widget elementor-widget-wpo-sukun_title\" data-id=\"4aee02b\" data-element_type=\"widget\" data-widget_type=\"wpo-sukun_title.default\">\n\t\t\t\t<div class=\"elementor-widget-container\">\n\t\t\t\t\t\t\t<div class=\"wpo-section-area\">\n\t\t\t<div class=\"wpo-section-title\">\n\t\t\t\t<h4 class=\"poort-text poort-in-right\">Gdzie &amp; Kiedy<\/h4>\t\t\t<\/div>\n\t\t<\/div>\n\t\t\t\t<\/div>\n\t\t\t\t<\/div>\n\t\t\t\t<\/div>\n\t\t<div class=\"elementor-element elementor-element-a572ca7 e-con-full e-flex e-con e-parent\" data-id=\"a572ca7\" data-element_type=\"container\">\n\t\t\t\t<div class=\"elementor-element elementor-element-844e880 elementor-widget elementor-widget-wpo-sukun_events\" data-id=\"844e880\" data-element_type=\"widget\" data-widget_type=\"wpo-sukun_events.default\">\n\t\t\t\t<div class=\"elementor-widget-container\">\n\t\t\t\t\t\t\t\t<div class=\"sukun-events wpo-event-section-s2\">\n\t\t\t\t<div class=\"container-fluid\">\n\t\t\t\t\t<div class=\"wpo-event-main\">\n\t\t\t\t\t\t<div class=\"event-description\">\n\t\t\t\t\t\t\t<p>Sobota, 02 Sierpnia 2025, 17:00<\/p><p>Zamkowa 5, 62-035 K\u00f3rnik<\/p>\t\t\t\t\t\t<\/div>\n\t\t\t\t\t\t<div class=\"wpo-event-wrap\">\n\t\t\t\t\t\t\t<div class=\"wpo-event-inner\">\n\t\t\t\t\t\t\t\t\n\t\t\t\t\t\t\t\t\t\t<div class=\"wpo-event-item\">\n\t\t\t\t\t\t\t\t\t\t\t<div class=\"wpo-event-text\">\n\t\t\t\t\t\t\t\t\t\t\t\t<i>\n\t\t\t\t\t\t\t\t\t\t\t\t\t<img decoding=\"async\" src=\"https:\/\/zamkowelove.com\/wp-content\/uploads\/2025\/01\/event2.svg\" alt=\"event2\">\t\t\t\t\t\t\t\t\t\t\t\t<\/i>\n\t\t\t\t\t\t\t\t\t\t\t\t<span>Ceremonia<\/span>\t\t\t\t\t\t\t\t\t\t\t<\/div>\n\t\t\t\t\t\t\t\t\t\t\t<div class=\"wpo-event-time\">\n\t\t\t\t\t\t\t\t\t\t\t\t<h4>17:00<\/h4>\t\t\t\t\t\t\t\t\t\t\t<\/div>\n\t\t\t\t\t\t\t\t\t\t<\/div>\n\t\t\t\t\t\t\t\t\n\t\t\t\t\t\t\t\t\t\t<div class=\"wpo-event-item\">\n\t\t\t\t\t\t\t\t\t\t\t<div class=\"wpo-event-text\">\n\t\t\t\t\t\t\t\t\t\t\t\t<i>\n\t\t\t\t\t\t\t\t\t\t\t\t\t<img decoding=\"async\" src=\"https:\/\/zamkowelove.com\/wp-content\/uploads\/2025\/01\/event4.svg\" alt=\"event4\">\t\t\t\t\t\t\t\t\t\t\t\t<\/i>\n\t\t\t\t\t\t\t\t\t\t\t\t<span>Uroczysty obiad<\/span>\t\t\t\t\t\t\t\t\t\t\t<\/div>\n\t\t\t\t\t\t\t\t\t\t\t<div class=\"wpo-event-time\">\n\t\t\t\t\t\t\t\t\t\t\t\t<h4>17:30<\/h4>\t\t\t\t\t\t\t\t\t\t\t<\/div>\n\t\t\t\t\t\t\t\t\t\t<\/div>\n\t\t\t\t\t\t\t\t\n\t\t\t\t\t\t\t\t\t\t<div class=\"wpo-event-item\">\n\t\t\t\t\t\t\t\t\t\t\t<div class=\"wpo-event-text\">\n\t\t\t\t\t\t\t\t\t\t\t\t<i>\n\t\t\t\t\t\t\t\t\t\t\t\t\t<img decoding=\"async\" src=\"https:\/\/zamkowelove.com\/wp-content\/uploads\/2025\/01\/event3.svg\" alt=\"event3\">\t\t\t\t\t\t\t\t\t\t\t\t<\/i>\n\t\t\t\t\t\t\t\t\t\t\t\t<span>Zdj\u0119cia z sesji<\/span>\t\t\t\t\t\t\t\t\t\t\t<\/div>\n\t\t\t\t\t\t\t\t\t\t\t<div class=\"wpo-event-time\">\n\t\t\t\t\t\t\t\t\t\t\t\t<h4>Link poni\u017cej<\/h4>\t\t\t\t\t\t\t\t\t\t\t<\/div>\n\t\t\t\t\t\t\t\t\t\t<\/div>\n\t\t\t\t\t\t\t\t\n\t\t\t\t\t\t\t\t\t\t<div class=\"wpo-event-item\">\n\t\t\t\t\t\t\t\t\t\t\t<div class=\"wpo-event-text\">\n\t\t\t\t\t\t\t\t\t\t\t\t<i>\n\t\t\t\t\t\t\t\t\t\t\t\t\t<img decoding=\"async\" src=\"https:\/\/zamkowelove.com\/wp-content\/uploads\/2025\/01\/event7.svg\" alt=\"event7\">\t\t\t\t\t\t\t\t\t\t\t\t<\/i>\n\t\t\t\t\t\t\t\t\t\t\t\t<span>Podr\u00f3\u017c Po\u015blubna<\/span>\t\t\t\t\t\t\t\t\t\t\t<\/div>\n\t\t\t\t\t\t\t\t\t\t\t<div class=\"wpo-event-time\">\n\t\t\t\t\t\t\t\t\t\t\t\t<h4>24 Sierpnia 2025<\/h4>\t\t\t\t\t\t\t\t\t\t\t<\/div>\n\t\t\t\t\t\t\t\t\t\t<\/div>\n\t\t\t\t\t\t\t\t\n\t\t\t\t\t\t\t\t<div class=\"line\"><\/div>\n\t\t\t\t\t\t\t<\/div>\n\t\t\t\t\t\t<\/div>\n\t\t\t\t\t<\/div>\n\t\t\t\t<\/div>\n\t\t\t<\/div>\n\t\t\t\t\t\t<\/div>\n\t\t\t\t<\/div>\n\t\t\t\t<div class=\"elementor-element elementor-element-f9fa072 elementor-cta--skin-cover elementor-animated-content elementor-bg-transform elementor-bg-transform-zoom-in elementor-widget elementor-widget-call-to-action\" data-id=\"f9fa072\" data-element_type=\"widget\" data-widget_type=\"call-to-action.default\">\n\t\t\t\t<div class=\"elementor-widget-container\">\n\t\t\t\t\t\t\t<div class=\"elementor-cta\">\n\t\t\t\t\t<div class=\"elementor-cta__bg-wrapper\">\n\t\t\t\t<div class=\"elementor-cta__bg elementor-bg\" style=\"background-image: url(https:\/\/zamkowelove.com\/wp-content\/uploads\/2025\/09\/4Z1A0544-scaled.jpg);\" role=\"img\" aria-label=\"4Z1A0544\"><\/div>\n\t\t\t\t<div class=\"elementor-cta__bg-overlay\"><\/div>\n\t\t\t<\/div>\n\t\t\t\t\t\t\t<div class=\"elementor-cta__content\">\n\t\t\t\t\n\t\t\t\t\t\t\t\t\t<h2 class=\"elementor-cta__title elementor-cta__content-item elementor-content-item elementor-animated-item--grow\">\n\t\t\t\t\t\tGaleria\t\t\t\t\t<\/h2>\n\t\t\t\t\n\t\t\t\t\n\t\t\t\t\t\t\t\t\t<div class=\"elementor-cta__button-wrapper elementor-cta__content-item elementor-content-item elementor-animated-item--grow\">\n\t\t\t\t\t<a class=\"elementor-cta__button elementor-button elementor-size-\" href=\"https:\/\/zamkowelove.com\/?page_id=4160\">\n\t\t\t\t\t\tKliknij tutaj\t\t\t\t\t<\/a>\n\t\t\t\t\t<\/div>\n\t\t\t\t\t\t\t<\/div>\n\t\t\t\t\t\t<\/div>\n\t\t\t\t\t\t<\/div>\n\t\t\t\t<\/div>\n\t\t\t\t<\/div>\n\t\t\t\t<\/div>\n\t\t","protected":false},"excerpt":{"rendered":"Natalia &amp; Micha\u0142 Ceremonia \u015blubu odby\u0142a si\u0119 02 . 08 . 2025 hidden Natalia Pyrzy\u0144ska Twardo st\u0105paj\u0105ca po ziemi marzycielka \u2728 Organizatorka ca\u0142ej \u015blubnej magii i mistrzyni planu. Kocha krymina\u0142y, jazd\u0119 konn\u0105, rowerowe wyprawy i Netflixa (najlepiej wszystko naraz!). Zawsze wie, co, gdzie i kiedy \u2014 i jeszcze zd\u0105\u017cy obejrze\u0107 serial! \ud83d\ude09 Micha\u0142 Szkudlarek Romantyk, ","protected":false},"author":1,"featured_media":0,"parent":0,"menu_order":0,"comment_status":"closed","ping_status":"closed","template":"elementor_header_footer","meta":{"inline_featured_image":false,"footnotes":""},"class_list":["post-3848","page","type-page","status-publish","hentry"],"jetpack_sharing_enabled":true,"_links":{"self":[{"href":"https:\/\/zamkowelove.com\/index.php?rest_route=\/wp\/v2\/pages\/3848","targetHints":{"allow":["GET"]}}],"collection":[{"href":"https:\/\/zamkowelove.com\/index.php?rest_route=\/wp\/v2\/pages"}],"about":[{"href":"https:\/\/zamkowelove.com\/index.php?rest_route=\/wp\/v2\/types\/page"}],"author":[{"embeddable":true,"href":"https:\/\/zamkowelove.com\/index.php?rest_route=\/wp\/v2\/users\/1"}],"replies":[{"embeddable":true,"href":"https:\/\/zamkowelove.com\/index.php?rest_route=%2Fwp%2Fv2%2Fcomments&post=3848"}],"version-history":[{"count":78,"href":"https:\/\/zamkowelove.com\/index.php?rest_route=\/wp\/v2\/pages\/3848\/revisions"}],"predecessor-version":[{"id":4167,"href":"https:\/\/zamkowelove.com\/index.php?rest_route=\/wp\/v2\/pages\/3848\/revisions\/4167"}],"wp:attachment":[{"href":"https:\/\/zamkowelove.com\/index.php?rest_route=%2Fwp%2Fv2%2Fmedia&parent=3848"}],"curies":[{"name":"wp","href":"https:\/\/api.w.org\/{rel}","templated":true}]}}